{"id":231,"date":"2021-06-15T15:13:34","date_gmt":"2021-06-15T20:13:34","guid":{"rendered":"http:\/\/localhost\/atlanticonet\/?page_id=231"},"modified":"2025-01-29T15:12:27","modified_gmt":"2025-01-29T20:12:27","slug":"conocenos","status":"publish","type":"page","link":"https:\/\/www.atlanticonet.com\/?page_id=231","title":{"rendered":"Con\u00f3cenos"},"content":{"rendered":"\t\t<div data-elementor-type=\"wp-post\" data-elementor-id=\"231\" class=\"elementor elementor-231\" data-elementor-settings=\"[]\">\n\t\t\t\t\t\t<div class=\"elementor-inner\">\n\t\t\t\t\t\t\t<div class=\"elementor-section-wrap\">\n\t\t\t\t\t\t\t<section class=\"elementor-section elementor-top-section elementor-element elementor-element-9af9abf elementor-section-height-min-height elementor-section-items-bottom elementor-reverse-mobile elementor-section-boxed elementor-section-height-default\" data-id=\"9af9abf\" data-element_type=\"section\" data-settings=\"{&quot;background_background&quot;:&quot;classic&quot;}\">\n\t\t\t\t\t\t<div class=\"elementor-container elementor-column-gap-default\">\n\t\t\t\t\t\t\t<div class=\"elementor-row\">\n\t\t\t\t\t<div class=\"elementor-column elementor-col-50 elementor-top-column elementor-element elementor-element-7f103aa\" data-id=\"7f103aa\" data-element_type=\"column\">\n\t\t\t<div class=\"elementor-column-wrap elementor-element-populated\">\n\t\t\t\t\t\t\t<div class=\"elementor-widget-wrap\">\n\t\t\t\t\t\t<div class=\"elementor-element elementor-element-40c26c8 elementor-invisible elementor-widget elementor-widget-image\" data-id=\"40c26c8\" data-element_type=\"widget\" data-settings=\"{&quot;_animation&quot;:&quot;slideInLeft&quot;}\" data-widget_type=\"image.default\">\n\t\t\t\t<div class=\"elementor-widget-container\">\n\t\t\t\t\t\t\t\t<div class=\"elementor-image\">\n\t\t\t\t\t\t\t\t\t\t\t\t<img loading=\"lazy\" decoding=\"async\" width=\"697\" height=\"356\" src=\"https:\/\/www.atlanticonet.com\/wp-content\/uploads\/2021\/06\/atlanticonet-nosotros1-1.png\" class=\"attachment-large size-large\" alt=\"\" srcset=\"https:\/\/www.atlanticonet.com\/wp-content\/uploads\/2021\/06\/atlanticonet-nosotros1-1.png 697w, https:\/\/www.atlanticonet.com\/wp-content\/uploads\/2021\/06\/atlanticonet-nosotros1-1-300x153.png 300w\" sizes=\"auto, (max-width: 697px) 100vw, 697px\" style=\"width:100%;height:51.08%;max-width:697px;\" \/>\t\t\t\t\t\t\t\t\t\t\t\t\t\t<\/div>\n\t\t\t\t\t\t<\/div>\n\t\t\t\t<\/div>\n\t\t\t\t\t\t<\/div>\n\t\t\t\t\t<\/div>\n\t\t<\/div>\n\t\t\t\t<div class=\"elementor-column elementor-col-50 elementor-top-column elementor-element elementor-element-4bdcb23\" data-id=\"4bdcb23\" data-element_type=\"column\">\n\t\t\t<div class=\"elementor-column-wrap elementor-element-populated\">\n\t\t\t\t\t\t\t<div class=\"elementor-widget-wrap\">\n\t\t\t\t\t\t<div class=\"elementor-element elementor-element-74bf732 elementor-invisible elementor-widget elementor-widget-text-editor\" data-id=\"74bf732\" data-element_type=\"widget\" data-settings=\"{&quot;_animation&quot;:&quot;slideInRight&quot;,&quot;_animation_delay&quot;:200}\" data-widget_type=\"text-editor.default\">\n\t\t\t\t<div class=\"elementor-widget-container\">\n\t\t\t\t\t\t\t\t<div class=\"elementor-text-editor elementor-clearfix\">\n\t\t\t\t\t<p>Somos la <strong><span style=\"color: #fff27d;\">soluci\u00f3n<\/span><\/strong> <br \/>que te conecta al mundo <br \/>en las <strong><span style=\"color: #fff27d;\">localidades costeras<\/span><\/strong> <br \/>del departamento del Atl\u00e1ntico<\/p>\t\t\t\t\t<\/div>\n\t\t\t\t\t\t<\/div>\n\t\t\t\t<\/div>\n\t\t\t\t\t\t<\/div>\n\t\t\t\t\t<\/div>\n\t\t<\/div>\n\t\t\t\t\t\t\t\t<\/div>\n\t\t\t\t\t<\/div>\n\t\t<\/section>\n\t\t\t\t<section class=\"elementor-section elementor-top-section elementor-element elementor-element-65111d5 elementor-section-stretched elementor-section-boxed elementor-section-height-default elementor-section-height-default\" data-id=\"65111d5\" data-element_type=\"section\" data-settings=\"{&quot;stretch_section&quot;:&quot;section-stretched&quot;}\">\n\t\t\t\t\t\t<div class=\"elementor-container elementor-column-gap-default\">\n\t\t\t\t\t\t\t<div class=\"elementor-row\">\n\t\t\t\t\t<div class=\"elementor-column elementor-col-100 elementor-top-column elementor-element elementor-element-292ea56\" data-id=\"292ea56\" data-element_type=\"column\">\n\t\t\t<div class=\"elementor-column-wrap elementor-element-populated\">\n\t\t\t\t\t\t\t<div class=\"elementor-widget-wrap\">\n\t\t\t\t\t\t<div class=\"elementor-element elementor-element-97b8a3b elementor-widget elementor-widget-heading\" data-id=\"97b8a3b\" data-element_type=\"widget\" data-widget_type=\"heading.default\">\n\t\t\t\t<div class=\"elementor-widget-container\">\n\t\t\t<h2 class=\"elementor-heading-title elementor-size-default\">Con\u00f3cenos<\/h2>\t\t<\/div>\n\t\t\t\t<\/div>\n\t\t\t\t<section class=\"elementor-section elementor-inner-section elementor-element elementor-element-6cfcc3a elementor-section-boxed elementor-section-height-default elementor-section-height-default\" data-id=\"6cfcc3a\" data-element_type=\"section\">\n\t\t\t\t\t\t<div class=\"elementor-container elementor-column-gap-wider\">\n\t\t\t\t\t\t\t<div class=\"elementor-row\">\n\t\t\t\t\t<div class=\"elementor-column elementor-col-100 elementor-inner-column elementor-element elementor-element-8bef08e\" data-id=\"8bef08e\" data-element_type=\"column\">\n\t\t\t<div class=\"elementor-column-wrap elementor-element-populated\">\n\t\t\t\t\t\t\t<div class=\"elementor-widget-wrap\">\n\t\t\t\t\t\t<div class=\"elementor-element elementor-element-6402ed0 elementor-widget elementor-widget-text-editor\" data-id=\"6402ed0\" data-element_type=\"widget\" data-widget_type=\"text-editor.default\">\n\t\t\t\t<div class=\"elementor-widget-container\">\n\t\t\t\t\t\t\t\t<div class=\"elementor-text-editor elementor-clearfix\">\n\t\t\t\t\t<p><span style=\"font-size: 22.4px;\"><strong>Desde 2017, facilitamos conectividad sin l\u00edmites<\/strong> para familias y empresas establecidas en zona rural, asegurando su acceso a la Internet con velocidades de navegaci\u00f3n en banda ancha que responden a las necesidades de comunicaci\u00f3n, entretenimiento, estudio y trabajo desde casa.<\/span><\/p><p><span style=\"font-size: 22.4px;\">\u00a0<\/span><\/p><p><span style=\"font-size: 22.4px;\">\u00a0<\/span><\/p><p><span style=\"font-size: 22.4px;\"><strong>Nuestro equipo humano re\u00fane amplio conocimiento<\/strong> y experiencia en desarrollos de ingenier\u00eda y operaci\u00f3n de redes telem\u00e1ticas. Mejoramos continuamente para garantizar a cada uno de nuestros suscriptores una excelente conexi\u00f3n y servicio. Somos empresa joven, orientada a la innovaci\u00f3n y comprometida en la atenci\u00f3n a las comunidades locales, que son la raz\u00f3n de ser de nuestro esfuerzo.<\/span><\/p>\t\t\t\t\t<\/div>\n\t\t\t\t\t\t<\/div>\n\t\t\t\t<\/div>\n\t\t\t\t\t\t<\/div>\n\t\t\t\t\t<\/div>\n\t\t<\/div>\n\t\t\t\t\t\t\t\t<\/div>\n\t\t\t\t\t<\/div>\n\t\t<\/section>\n\t\t\t\t<div class=\"elementor-element elementor-element-88649e5 elementor-widget-divider--view-line_icon elementor-view-default elementor-widget-divider--element-align-center elementor-widget elementor-widget-divider\" data-id=\"88649e5\" data-element_type=\"widget\" data-widget_type=\"divider.default\">\n\t\t\t\t<div class=\"elementor-widget-container\">\n\t\t\t\t\t<div class=\"elementor-divider\">\n\t\t\t<span class=\"elementor-divider-separator\">\n\t\t\t\t\t\t\t<div class=\"elementor-icon elementor-divider__element\">\n\t\t\t\t\t<\/div>\n\t\t\t\t\t\t<\/span>\n\t\t<\/div>\n\t\t\t\t<\/div>\n\t\t\t\t<\/div>\n\t\t\t\t<div class=\"elementor-element elementor-element-059e99c elementor-widget elementor-widget-heading\" data-id=\"059e99c\" data-element_type=\"widget\" data-widget_type=\"heading.default\">\n\t\t\t\t<div class=\"elementor-widget-container\">\n\t\t\t<h2 class=\"elementor-heading-title elementor-size-default\"><a href=\"https:\/\/www.atlanticonet.com\/wp-content\/uploads\/2021\/06\/registroTIC.png\" target=\"_blank\">Ver registro de habilitaci\u00f3n MINTIC<\/a><\/h2>\t\t<\/div>\n\t\t\t\t<\/div>\n\t\t\t\t\t\t<\/div>\n\t\t\t\t\t<\/div>\n\t\t<\/div>\n\t\t\t\t\t\t\t\t<\/div>\n\t\t\t\t\t<\/div>\n\t\t<\/section>\n\t\t\t\t\t\t<\/div>\n\t\t\t\t\t\t<\/div>\n\t\t\t\t\t<\/div>\n\t\t","protected":false},"excerpt":{"rendered":"<p>Somos la soluci\u00f3n que te conecta al mundo en las localidades costeras del departamento del Atl\u00e1ntico Con\u00f3cenos Desde 2017, facilitamos conectividad sin l\u00edmites para familias y empresas establecidas en zona rural, asegurando su acceso a la Internet con velocidades de navegaci\u00f3n en banda ancha que responden a las necesidades de comunicaci\u00f3n, entretenimiento, estudio y trabajo&hellip; <a class=\"more-link\" href=\"https:\/\/www.atlanticonet.com\/?page_id=231\">Seguir leyendo <span class=\"screen-reader-text\">Con\u00f3cenos<\/span><\/a><\/p>\n","protected":false},"author":1,"featured_media":0,"parent":0,"menu_order":0,"comment_status":"closed","ping_status":"closed","template":"","meta":{"footnotes":""},"class_list":["post-231","page","type-page","status-publish","hentry","entry"],"_links":{"self":[{"href":"https:\/\/www.atlanticonet.com\/index.php?rest_route=\/wp\/v2\/pages\/231","targetHints":{"allow":["GET"]}}],"collection":[{"href":"https:\/\/www.atlanticonet.com\/index.php?rest_route=\/wp\/v2\/pages"}],"about":[{"href":"https:\/\/www.atlanticonet.com\/index.php?rest_route=\/wp\/v2\/types\/page"}],"author":[{"embeddable":true,"href":"https:\/\/www.atlanticonet.com\/index.php?rest_route=\/wp\/v2\/users\/1"}],"replies":[{"embeddable":true,"href":"https:\/\/www.atlanticonet.com\/index.php?rest_route=%2Fwp%2Fv2%2Fcomments&post=231"}],"version-history":[{"count":123,"href":"https:\/\/www.atlanticonet.com\/index.php?rest_route=\/wp\/v2\/pages\/231\/revisions"}],"predecessor-version":[{"id":846,"href":"https:\/\/www.atlanticonet.com\/index.php?rest_route=\/wp\/v2\/pages\/231\/revisions\/846"}],"wp:attachment":[{"href":"https:\/\/www.atlanticonet.com\/index.php?rest_route=%2Fwp%2Fv2%2Fmedia&parent=231"}],"curies":[{"name":"wp","href":"https:\/\/api.w.org\/{rel}","templated":true}]}}