{"id":372,"date":"2021-06-16T22:01:23","date_gmt":"2021-06-17T03:01:23","guid":{"rendered":"http:\/\/localhost\/atlanticonet\/?page_id=372"},"modified":"2024-09-10T17:27:37","modified_gmt":"2024-09-10T22:27:37","slug":"tecnologia","status":"publish","type":"page","link":"https:\/\/www.atlanticonet.com\/?page_id=372","title":{"rendered":"Tecnolog\u00eda"},"content":{"rendered":"\t\t<div data-elementor-type=\"wp-post\" data-elementor-id=\"372\" class=\"elementor elementor-372\" data-elementor-settings=\"[]\">\n\t\t\t\t\t\t<div class=\"elementor-inner\">\n\t\t\t\t\t\t\t<div class=\"elementor-section-wrap\">\n\t\t\t\t\t\t\t<section class=\"elementor-section elementor-top-section elementor-element elementor-element-5f207418 elementor-section-stretched elementor-section-boxed elementor-section-height-default elementor-section-height-default\" data-id=\"5f207418\" data-element_type=\"section\" data-settings=\"{&quot;stretch_section&quot;:&quot;section-stretched&quot;}\">\n\t\t\t\t\t\t<div class=\"elementor-container elementor-column-gap-default\">\n\t\t\t\t\t\t\t<div class=\"elementor-row\">\n\t\t\t\t\t<div class=\"elementor-column elementor-col-100 elementor-top-column elementor-element elementor-element-471f9bbd\" data-id=\"471f9bbd\" data-element_type=\"column\">\n\t\t\t<div class=\"elementor-column-wrap elementor-element-populated\">\n\t\t\t\t\t\t\t<div class=\"elementor-widget-wrap\">\n\t\t\t\t\t\t<div class=\"elementor-element elementor-element-66912ca7 elementor-widget elementor-widget-heading\" data-id=\"66912ca7\" data-element_type=\"widget\" data-widget_type=\"heading.default\">\n\t\t\t\t<div class=\"elementor-widget-container\">\n\t\t\t<h2 class=\"elementor-heading-title elementor-size-default\">C\u00f3mo funciona?<\/h2>\t\t<\/div>\n\t\t\t\t<\/div>\n\t\t\t\t\t\t<\/div>\n\t\t\t\t\t<\/div>\n\t\t<\/div>\n\t\t\t\t\t\t\t\t<\/div>\n\t\t\t\t\t<\/div>\n\t\t<\/section>\n\t\t\t\t<section class=\"elementor-section elementor-top-section elementor-element elementor-element-92e2e4b elementor-section-boxed elementor-section-height-default elementor-section-height-default\" data-id=\"92e2e4b\" data-element_type=\"section\">\n\t\t\t\t\t\t<div class=\"elementor-container elementor-column-gap-default\">\n\t\t\t\t\t\t\t<div class=\"elementor-row\">\n\t\t\t\t\t<div class=\"elementor-column elementor-col-100 elementor-top-column elementor-element elementor-element-6e24786\" data-id=\"6e24786\" data-element_type=\"column\">\n\t\t\t<div class=\"elementor-column-wrap elementor-element-populated\">\n\t\t\t\t\t\t\t<div class=\"elementor-widget-wrap\">\n\t\t\t\t\t\t<div class=\"elementor-element elementor-element-2f381a4 elementor-widget elementor-widget-image\" data-id=\"2f381a4\" data-element_type=\"widget\" data-widget_type=\"image.default\">\n\t\t\t\t<div class=\"elementor-widget-container\">\n\t\t\t\t\t\t\t\t<div class=\"elementor-image\">\n\t\t\t\t\t\t\t\t\t\t\t\t<img loading=\"lazy\" decoding=\"async\" width=\"750\" height=\"429\" src=\"https:\/\/www.atlanticonet.com\/wp-content\/uploads\/2021\/06\/atlanticonet-infografia-como-funciona-768x439.png\" class=\"attachment-medium_large size-medium_large\" alt=\"\" srcset=\"https:\/\/www.atlanticonet.com\/wp-content\/uploads\/2021\/06\/atlanticonet-infografia-como-funciona-768x439.png 768w, https:\/\/www.atlanticonet.com\/wp-content\/uploads\/2021\/06\/atlanticonet-infografia-como-funciona-300x172.png 300w, https:\/\/www.atlanticonet.com\/wp-content\/uploads\/2021\/06\/atlanticonet-infografia-como-funciona-1024x585.png 1024w, https:\/\/www.atlanticonet.com\/wp-content\/uploads\/2021\/06\/atlanticonet-infografia-como-funciona-1536x878.png 1536w, https:\/\/www.atlanticonet.com\/wp-content\/uploads\/2021\/06\/atlanticonet-infografia-como-funciona-1568x897.png 1568w, https:\/\/www.atlanticonet.com\/wp-content\/uploads\/2021\/06\/atlanticonet-infografia-como-funciona.png 1728w\" sizes=\"auto, (max-width: 750px) 100vw, 750px\" style=\"width:100%;height:57.18%;max-width:1728px;\" \/>\t\t\t\t\t\t\t\t\t\t\t\t\t\t<\/div>\n\t\t\t\t\t\t<\/div>\n\t\t\t\t<\/div>\n\t\t\t\t\t\t<\/div>\n\t\t\t\t\t<\/div>\n\t\t<\/div>\n\t\t\t\t\t\t\t\t<\/div>\n\t\t\t\t\t<\/div>\n\t\t<\/section>\n\t\t\t\t<section class=\"elementor-section elementor-top-section elementor-element elementor-element-6bbb825 elementor-section-stretched elementor-section-boxed elementor-section-height-default elementor-section-height-default\" data-id=\"6bbb825\" data-element_type=\"section\" data-settings=\"{&quot;stretch_section&quot;:&quot;section-stretched&quot;}\">\n\t\t\t\t\t\t<div class=\"elementor-container elementor-column-gap-default\">\n\t\t\t\t\t\t\t<div class=\"elementor-row\">\n\t\t\t\t\t<div class=\"elementor-column elementor-col-100 elementor-top-column elementor-element elementor-element-a24a987\" data-id=\"a24a987\" data-element_type=\"column\">\n\t\t\t<div class=\"elementor-column-wrap elementor-element-populated\">\n\t\t\t\t\t\t\t<div class=\"elementor-widget-wrap\">\n\t\t\t\t\t\t<section class=\"elementor-section elementor-inner-section elementor-element elementor-element-f45a8af elementor-section-boxed elementor-section-height-default elementor-section-height-default\" data-id=\"f45a8af\" data-element_type=\"section\">\n\t\t\t\t\t\t<div class=\"elementor-container elementor-column-gap-wider\">\n\t\t\t\t\t\t\t<div class=\"elementor-row\">\n\t\t\t\t\t<div class=\"elementor-column elementor-col-100 elementor-inner-column elementor-element elementor-element-19e664f\" data-id=\"19e664f\" data-element_type=\"column\">\n\t\t\t<div class=\"elementor-column-wrap elementor-element-populated\">\n\t\t\t\t\t\t\t<div class=\"elementor-widget-wrap\">\n\t\t\t\t\t\t<div class=\"elementor-element elementor-element-02680dd elementor-widget elementor-widget-text-editor\" data-id=\"02680dd\" data-element_type=\"widget\" data-widget_type=\"text-editor.default\">\n\t\t\t\t<div class=\"elementor-widget-container\">\n\t\t\t\t\t\t\t\t<div class=\"elementor-text-editor elementor-clearfix\">\n\t\t\t\t\t<p>La se\u00f1al de <b>ATLANTICO NET<\/b> llega a hogares y negocios mediante ondas de radio emitidas desde las estaciones de la Empresa <b>hacia localidades y condominios ubicados en la zona de cobertura, sobre la franja costera de Juan de Acosta y Tubar\u00e1<\/b>.<\/p><p>\u00a0<\/p><p>Se requiere una antena receptora en el predio del suscriptor para captar la se\u00f1al, y un enrutador para transmitirla a los dispositivos de su red domiciliaria.<\/p><p>Incorporamos tecnolog\u00edas de \u00faltima generaci\u00f3n para asegurar la calidad, seguridad y confiabilidad del servicio.<\/p><p>\u00a0<\/p><p>Respondemos a las normas y regulaciones establecidas por las siguiente entidades:<\/p><p><b>&#8211; Agencia Nacional\u00a0del Espectro (ANE)\u00a0<\/b><\/p><p><b>&#8211; Comisi\u00f3n Reguladora\u00a0de Comunicaciones (CRC)<\/b><\/p><p><b>&#8211; International Telecommunication\u00a0Union (ITU<\/b>)<\/p>\t\t\t\t\t<\/div>\n\t\t\t\t\t\t<\/div>\n\t\t\t\t<\/div>\n\t\t\t\t\t\t<\/div>\n\t\t\t\t\t<\/div>\n\t\t<\/div>\n\t\t\t\t\t\t\t\t<\/div>\n\t\t\t\t\t<\/div>\n\t\t<\/section>\n\t\t\t\t<div class=\"elementor-element elementor-element-7879e6c elementor-align-center elementor-widget elementor-widget-button\" data-id=\"7879e6c\" data-element_type=\"widget\" data-widget_type=\"button.default\">\n\t\t\t\t<div class=\"elementor-widget-container\">\n\t\t\t\t\t<div class=\"elementor-button-wrapper\">\n\t\t\t<a href=\"?page_id=486\" class=\"elementor-button-link elementor-button elementor-size-sm\" role=\"button\">\n\t\t\t\t\t\t<span class=\"elementor-button-content-wrapper\">\n\t\t\t\t\t\t<span class=\"elementor-button-text\">Solicitar servicio<\/span>\n\t\t<\/span>\n\t\t\t\t\t<\/a>\n\t\t<\/div>\n\t\t\t\t<\/div>\n\t\t\t\t<\/div>\n\t\t\t\t<div class=\"elementor-element elementor-element-52ef3e5 elementor-widget-divider--view-line_icon elementor-view-default elementor-widget-divider--element-align-center elementor-widget elementor-widget-divider\" data-id=\"52ef3e5\" data-element_type=\"widget\" data-widget_type=\"divider.default\">\n\t\t\t\t<div class=\"elementor-widget-container\">\n\t\t\t\t\t<div class=\"elementor-divider\">\n\t\t\t<span class=\"elementor-divider-separator\">\n\t\t\t\t\t\t\t<div class=\"elementor-icon elementor-divider__element\">\n\t\t\t\t\t<\/div>\n\t\t\t\t\t\t<\/span>\n\t\t<\/div>\n\t\t\t\t<\/div>\n\t\t\t\t<\/div>\n\t\t\t\t\t\t<\/div>\n\t\t\t\t\t<\/div>\n\t\t<\/div>\n\t\t\t\t\t\t\t\t<\/div>\n\t\t\t\t\t<\/div>\n\t\t<\/section>\n\t\t\t\t\t\t<\/div>\n\t\t\t\t\t\t<\/div>\n\t\t\t\t\t<\/div>\n\t\t","protected":false},"excerpt":{"rendered":"<p>C\u00f3mo funciona? La se\u00f1al de ATLANTICO NET llega a hogares y negocios mediante ondas de radio emitidas desde las estaciones de la Empresa hacia localidades y condominios ubicados en la zona de cobertura, sobre la franja costera de Juan de Acosta y Tubar\u00e1. \u00a0 Se requiere una antena receptora en el predio del suscriptor para&hellip; <a class=\"more-link\" href=\"https:\/\/www.atlanticonet.com\/?page_id=372\">Seguir leyendo <span class=\"screen-reader-text\">Tecnolog\u00eda<\/span><\/a><\/p>\n","protected":false},"author":1,"featured_media":0,"parent":0,"menu_order":0,"comment_status":"closed","ping_status":"closed","template":"","meta":{"footnotes":""},"class_list":["post-372","page","type-page","status-publish","hentry","entry"],"_links":{"self":[{"href":"https:\/\/www.atlanticonet.com\/index.php?rest_route=\/wp\/v2\/pages\/372","targetHints":{"allow":["GET"]}}],"collection":[{"href":"https:\/\/www.atlanticonet.com\/index.php?rest_route=\/wp\/v2\/pages"}],"about":[{"href":"https:\/\/www.atlanticonet.com\/index.php?rest_route=\/wp\/v2\/types\/page"}],"author":[{"embeddable":true,"href":"https:\/\/www.atlanticonet.com\/index.php?rest_route=\/wp\/v2\/users\/1"}],"replies":[{"embeddable":true,"href":"https:\/\/www.atlanticonet.com\/index.php?rest_route=%2Fwp%2Fv2%2Fcomments&post=372"}],"version-history":[{"count":46,"href":"https:\/\/www.atlanticonet.com\/index.php?rest_route=\/wp\/v2\/pages\/372\/revisions"}],"predecessor-version":[{"id":825,"href":"https:\/\/www.atlanticonet.com\/index.php?rest_route=\/wp\/v2\/pages\/372\/revisions\/825"}],"wp:attachment":[{"href":"https:\/\/www.atlanticonet.com\/index.php?rest_route=%2Fwp%2Fv2%2Fmedia&parent=372"}],"curies":[{"name":"wp","href":"https:\/\/api.w.org\/{rel}","templated":true}]}}